{"id":643,"date":"2022-08-15T08:24:49","date_gmt":"2022-08-15T08:24:49","guid":{"rendered":"https:\/\/startersites.io\/blocksy\/renovation\/?page_id=9"},"modified":"2025-04-18T16:09:19","modified_gmt":"2025-04-18T16:09:19","slug":"hizmetlerimiz","status":"publish","type":"page","link":"https:\/\/modeses.com\/?page_id=643","title":{"rendered":"Hizmetlerimiz"},"content":{"rendered":"\n<p><\/p>\n\n\n\n<div class=\"wp-block-stackable-columns stk-block-columns stk-block stk-be925e9\" data-block-id=\"be925e9\"><style>.stk-be925e9 {margin-bottom:30px !important;}.stk-be925e9-column{--stk-column-gap:30px !important;row-gap:30px !important;}<\/style><div class=\"stk-row stk-inner-blocks stk-block-content stk-content-align stk-be925e9-column\">\n<div class=\"wp-block-stackable-column stk-block-column stk-column stk-block stk-89da8c2 stk-block-background stk--has-background-overlay\" data-v=\"4\" data-block-id=\"89da8c2\"><style>.stk-89da8c2-container{margin-top:0px !important;margin-right:0px !important;margin-bottom:0px !important;margin-left:0px !important;}.stk-89da8c2-inner-blocks{justify-content:center !important;}.stk-89da8c2 {background-color:#000000 !important;background-image:url(https:\/\/modeses.com\/wp-content\/uploads\/2025\/04\/pexels-cristian-rojas-7586132-scaled.jpg) !important;background-attachment:fixed !important;background-position:bottom left !important;background-repeat:no-repeat !important;background-size:84% !important;min-height:400px !important;padding-top:50px !important;padding-right:50px !important;padding-bottom:50px !important;padding-left:50px !important;}.stk-89da8c2:before{background-color:#000000 !important;opacity:0.5 !important;}@media screen and (max-width:999px){.stk-89da8c2 {min-height:300px !important;}}<\/style><div class=\"stk-column-wrapper stk-block-column__content stk-container stk-89da8c2-container stk--no-background stk--no-padding\"><div class=\"stk--column-flex stk-block-content stk-inner-blocks stk-89da8c2-inner-blocks\">\n<div class=\"wp-block-stackable-heading alignfull stk-block-heading stk-block-heading--v2 stk-block stk-9ba3e11\" id=\"profesyonel-ses-sistemleri\" data-block-id=\"9ba3e11\"><style>.stk-9ba3e11 .stk-block-heading__text{color:var(--theme-palette-color-8, #ffffff) !important;}@media screen and (max-width:999px){.stk-9ba3e11 .stk-block-heading__text{font-size:20px !important;}}<\/style><h4 class=\"stk-block-heading__text has-text-color has-text-align-center stk-block-heading--use-theme-margins\">Profesyonel Ses Sistemleri<\/h4><\/div>\n<\/div><\/div><\/div>\n\n\n\n<div class=\"wp-block-stackable-column stk-block-column stk-column stk-block stk-d5a7036 stk-block-background stk--has-background-overlay\" data-v=\"4\" data-block-id=\"d5a7036\"><style>.stk-d5a7036-container{margin-top:0px !important;margin-right:0px !important;margin-bottom:0px !important;margin-left:0px !important;}.stk-d5a7036-inner-blocks{justify-content:center !important;}.stk-d5a7036 {background-color:#000000 !important;background-image:url(https:\/\/modeses.com\/wp-content\/uploads\/2025\/04\/pexels-joshsorenson-976862-scaled.jpg) !important;min-height:400px !important;padding-top:40px !important;padding-right:40px !important;padding-bottom:40px !important;padding-left:40px !important;}.stk-d5a7036:before{background-color:#000000 !important;opacity:0.5 !important;}.stk-d5a7036:hover:before{background-color:#000000 !important;opacity:0.7 !important;}@media screen and (max-width:999px){.stk-d5a7036 {min-height:300px !important;}}<\/style><div class=\"stk-column-wrapper stk-block-column__content stk-container stk-d5a7036-container stk--no-background stk--no-padding\"><div class=\"stk--column-flex stk-block-content stk-inner-blocks stk-d5a7036-inner-blocks\">\n<div class=\"wp-block-stackable-heading stk-block-heading stk-block-heading--v2 stk-block stk-a4b6034\" id=\"sahne-isiklandirma-sistemleri\" data-block-id=\"a4b6034\"><style>.stk-a4b6034 .stk-block-heading__text{color:var(--theme-palette-color-8, #ffffff) !important;}@media screen and (max-width:999px){.stk-a4b6034 .stk-block-heading__text{font-size:20px !important;}}<\/style><h4 class=\"stk-block-heading__text has-text-color has-text-align-center stk-block-heading--use-theme-margins\">Sahne I\u015f\u0131kland\u0131rma Sistemleri<\/h4><\/div>\n<\/div><\/div><\/div>\n\n\n\n<div class=\"wp-block-stackable-column stk-block-column stk-column stk-block stk-ca395ec stk-block-background stk--has-background-overlay\" data-v=\"4\" data-block-id=\"ca395ec\"><style>.stk-ca395ec-container{margin-top:0px !important;margin-right:0px !important;margin-bottom:0px !important;margin-left:0px !important;}.stk-ca395ec-inner-blocks{justify-content:center !important;}.stk-ca395ec {background-color:#000000 !important;background-image:url(https:\/\/modeses.com\/wp-content\/uploads\/2025\/04\/pexels-teddy-2263436-scaled.jpg) !important;min-height:400px !important;padding-top:40px !important;padding-right:40px !important;padding-bottom:40px !important;padding-left:40px !important;}.stk-ca395ec:before{background-color:#000000 !important;opacity:0.5 !important;}.stk-ca395ec:hover:before{background-color:#000000 !important;opacity:0.7 !important;}@media screen and (max-width:999px){.stk-ca395ec {min-height:300px !important;}}<\/style><div class=\"stk-column-wrapper stk-block-column__content stk-container stk-ca395ec-container stk--no-background stk--no-padding\"><div class=\"stk--column-flex stk-block-content stk-inner-blocks stk-ca395ec-inner-blocks\">\n<div class=\"wp-block-stackable-heading stk-block-heading stk-block-heading--v2 stk-block stk-3e220dc\" id=\"led-ekran-ve-video-wall-cozumleri\" data-block-id=\"3e220dc\"><style>.stk-3e220dc .stk-block-heading__text{color:var(--theme-palette-color-8, #ffffff) !important;}@media screen and (max-width:999px){.stk-3e220dc .stk-block-heading__text{font-size:20px !important;}}<\/style><h4 class=\"stk-block-heading__text has-text-color has-text-align-center stk-block-heading--use-theme-margins\">Led Ekran ve Video Wall \u00c7\u00f6z\u00fcmleri<\/h4><\/div>\n<\/div><\/div><\/div>\n<\/div><\/div>\n\n\n\n<div class=\"wp-block-stackable-columns stk-block-columns stk-block stk-4f0bb62\" data-block-id=\"4f0bb62\"><style>.stk-4f0bb62 {margin-bottom:0px !important;}.stk-4f0bb62-column{--stk-column-gap:30px !important;row-gap:30px !important;}<\/style><div class=\"stk-row stk-inner-blocks stk-block-content stk-content-align stk-4f0bb62-column\">\n<div class=\"wp-block-stackable-column stk-block-column stk-column stk-block stk-da9b2c1 stk-block-background stk--has-background-overlay\" data-v=\"4\" data-block-id=\"da9b2c1\"><style>.stk-da9b2c1-container{margin-top:0px !important;margin-right:0px !important;margin-bottom:0px !important;margin-left:0px !important;}.stk-da9b2c1-inner-blocks{justify-content:center !important;}.stk-da9b2c1 {background-color:#000000 !important;background-image:url(https:\/\/modeses.com\/wp-content\/uploads\/2025\/04\/Blackfox-May-B2.jpg) !important;min-height:400px !important;padding-top:50px !important;padding-right:50px !important;padding-bottom:50px !important;padding-left:50px !important;}.stk-da9b2c1:before{background-color:#000000 !important;opacity:0.5 !important;}.stk-da9b2c1:hover:before{background-color:#000000 !important;opacity:0.7 !important;}@media screen and (max-width:999px){.stk-da9b2c1 {min-height:300px !important;}}<\/style><div class=\"stk-column-wrapper stk-block-column__content stk-container stk-da9b2c1-container stk--no-background stk--no-padding\"><div class=\"stk--column-flex stk-block-content stk-inner-blocks stk-da9b2c1-inner-blocks\">\n<div class=\"wp-block-stackable-heading stk-block-heading stk-block-heading--v2 stk-block stk-6e7196f\" id=\"bakim-ve-onarim-hizmetleri\" data-block-id=\"6e7196f\"><style>.stk-6e7196f .stk-block-heading__text{color:var(--theme-palette-color-8, #ffffff) !important;}@media screen and (max-width:999px){.stk-6e7196f .stk-block-heading__text{font-size:20px !important;}}<\/style><h4 class=\"stk-block-heading__text has-text-color has-text-align-center stk-block-heading--use-theme-margins\">Bak\u0131m ve Onar\u0131m Hizmetleri<\/h4><\/div>\n<\/div><\/div><\/div>\n\n\n\n<div class=\"wp-block-stackable-column stk-block-column stk-column stk-block stk-f1f531b stk-block-background stk--has-background-overlay\" data-v=\"4\" data-block-id=\"f1f531b\"><style>.stk-f1f531b-container{margin-top:0px !important;margin-right:0px !important;margin-bottom:0px !important;margin-left:0px !important;}.stk-f1f531b-inner-blocks{justify-content:center !important;}.stk-f1f531b {background-color:#000000 !important;background-image:url(https:\/\/modeses.com\/wp-content\/uploads\/2025\/04\/istockphoto-1064209244-612x612-1.jpg) !important;min-height:400px !important;padding-top:40px !important;padding-right:40px !important;padding-bottom:40px !important;padding-left:40px !important;}.stk-f1f531b:before{background-color:#000000 !important;opacity:0.5 !important;}.stk-f1f531b:hover:before{background-color:#000000 !important;opacity:0.7 !important;}@media screen and (max-width:999px){.stk-f1f531b {min-height:300px !important;}}<\/style><div class=\"stk-column-wrapper stk-block-column__content stk-container stk-f1f531b-container stk--no-background stk--no-padding\"><div class=\"stk--column-flex stk-block-content stk-inner-blocks stk-f1f531b-inner-blocks\">\n<div class=\"wp-block-stackable-heading stk-block-heading stk-block-heading--v2 stk-block stk-5c84cbd\" id=\"truss-motor-ve-case\" data-block-id=\"5c84cbd\"><style>.stk-5c84cbd .stk-block-heading__text{color:var(--theme-palette-color-8, #ffffff) !important;}@media screen and (max-width:999px){.stk-5c84cbd .stk-block-heading__text{font-size:20px !important;}}<\/style><h4 class=\"stk-block-heading__text has-text-color has-text-align-center stk-block-heading--use-theme-margins\">Truss, Motor ve Case<\/h4><\/div>\n<\/div><\/div><\/div>\n\n\n\n<div class=\"wp-block-stackable-column stk-block-column stk-column stk-block stk-63a5de7 stk-block-background stk--has-background-overlay\" data-v=\"4\" data-block-id=\"63a5de7\"><style>.stk-63a5de7-container{margin-top:0px !important;margin-right:0px !important;margin-bottom:0px !important;margin-left:0px !important;}.stk-63a5de7-inner-blocks{justify-content:center !important;}.stk-63a5de7 {background-color:#000000 !important;background-image:url(https:\/\/modeses.com\/wp-content\/uploads\/2025\/04\/0f4ba381-6bb3-4d1a-87de-edc1a1cc0f5d.jpg) !important;min-height:400px !important;padding-top:40px !important;padding-right:40px !important;padding-bottom:40px !important;padding-left:40px !important;}.stk-63a5de7:before{background-color:#000000 !important;opacity:0.5 !important;}.stk-63a5de7:hover:before{background-color:#000000 !important;opacity:0.7 !important;}@media screen and (max-width:999px){.stk-63a5de7 {min-height:300px !important;}}<\/style><div class=\"stk-column-wrapper stk-block-column__content stk-container stk-63a5de7-container stk--no-background stk--no-padding\"><div class=\"stk--column-flex stk-block-content stk-inner-blocks stk-63a5de7-inner-blocks\">\n<div class=\"wp-block-stackable-heading stk-block-heading stk-block-heading--v2 stk-block stk-9c16dbd\" id=\"montaj-ve-sistem-kurulumu\" data-block-id=\"9c16dbd\"><style>.stk-9c16dbd .stk-block-heading__text{color:var(--theme-palette-color-8, #ffffff) !important;}@media screen and (max-width:999px){.stk-9c16dbd .stk-block-heading__text{font-size:20px !important;}}<\/style><h4 class=\"stk-block-heading__text has-text-color has-text-align-center stk-block-heading--use-theme-margins\">Montaj ve Sistem Kurulumu<\/h4><\/div>\n<\/div><\/div><\/div>\n<\/div><\/div>\n\n\n\n<div class=\"wp-block-stackable-spacer stk-block-spacer stk--no-padding stk-block stk-b36b87f\" data-block-id=\"b36b87f\"><style>.stk-b36b87f {height:130px !important;}@media screen and (max-width:999px){.stk-b36b87f {height:80px !important;}}<\/style><\/div>\n\n\n\n<div class=\"wp-block-stackable-columns alignfull stk-block-columns stk-block stk-e1c8bbe stk-block-background\" data-block-id=\"e1c8bbe\"><style>.stk-e1c8bbe {background-color:var(--theme-palette-color-4, #1E262E) !important;padding-top:130px !important;padding-bottom:130px !important;margin-bottom:0px !important;}.stk-e1c8bbe:before{background-color:var(--theme-palette-color-4, #1E262E) !important;}@media screen and (max-width:999px){.stk-e1c8bbe {padding-top:80px !important;padding-bottom:80px !important;}}<\/style><div class=\"stk-row stk-inner-blocks stk-block-content stk-content-align stk-e1c8bbe-column\">\n<div class=\"wp-block-stackable-column stk-block-column stk-column stk-block stk-f921807\" data-v=\"4\" data-block-id=\"f921807\"><style>.stk-f921807-container{margin-top:0px !important;margin-right:auto !important;margin-bottom:0px !important;margin-left:auto !important;max-width:1000px !important;min-width:auto !important;}<\/style><div class=\"stk-column-wrapper stk-block-column__content stk-container stk-f921807-container stk--no-background stk--no-padding\"><div class=\"stk-block-content stk-inner-blocks stk-f921807-inner-blocks\">\n<div class=\"wp-block-stackable-icon stk-block-icon has-text-align-center stk-block stk-5e1f77b\" data-block-id=\"5e1f77b\"><style>.stk-5e1f77b {margin-bottom:40px !important;opacity:0.5 !important;}.stk-5e1f77b .stk--svg-wrapper .stk--inner-svg svg:last-child{height:60px !important;width:60px !important;}@media screen and (max-width:999px){.stk-5e1f77b {margin-bottom:30px !important;}.stk-5e1f77b .stk--svg-wrapper .stk--inner-svg svg:last-child{height:40px !important;width:40px !important;}}<\/style><span class=\"stk--svg-wrapper\"><div class=\"stk--inner-svg\"><svg style=\"height:0;width:0\"><defs><linearGradient id=\"linear-gradient-5e1f77b\" x1=\"0\" x2=\"100%\" y1=\"0\" y2=\"0\"><stop offset=\"0%\" style=\"stop-opacity:1;stop-color:var(--linear-gradient-5-e-1-f-77-b-color-1)\"><\/stop><stop offset=\"100%\" style=\"stop-opacity:1;stop-color:var(--linear-gradient-5-e-1-f-77-b-color-2)\"><\/stop><\/linearGradient><\/defs><\/svg><svg class=\"ugb-custom-icon\" xmlns=\"http:\/\/www.w3.org\/2000\/svg\" viewBox=\"0 0 64 64\" style=\"enable-background:new 0 0 64 64\" xml:space=\"preserve\" aria-hidden=\"true\" width=\"32\" height=\"32\"><path d=\"M6.8 64c-1.5-.6-2-1.7-1.9-3.3.2-4.7 2.4-9.2 6-12.3 1-.9 2.1-1.5 3.2-2.3 0 0 0-.1-.1-.1-1.8-1.7-3.1-3.8-3.7-6.2-.1-.2-.3-.3-.5-.3H7.3c-4-.1-7.1-3.4-7.2-7.4V7.4C.1 5.1 1.2 3 3 1.6 4.1.8 5.3.3 6.6 0h50.9c.1 0 .3.1.4.1 2.1.4 4 1.7 5 3.6.4.9.8 1.8 1 2.8v26.4c0 .1-.1.2-.1.3-.5 3.2-3 5.7-6.2 6.1-1.4.1-2.9.2-4.3.1-.4 0-.8.1-1.1.5l-8.4 8.4c-.7.9-1.9 1.2-2.9.8-1-.4-1.5-1.3-1.5-2.6v-7H35c-.5 0-.7.1-.8.6-.5 1.8-1.4 3.5-2.6 5-.4.4-.8.8-1.1 1.2l.1.1c.1 0 .1.1.2.1 5.2 2.9 8.5 8.2 8.8 14.1.2 2-.3 2.7-2 3.4H6.8zm3.4-5h24c-1.1-5.7-6.1-9.8-12-9.8-5.8 0-10.9 4.1-12 9.8zm12-29.5c-4 0-7.3 3.3-7.3 7.3 0 4.1 3.3 7.3 7.3 7.3s7.3-3.3 7.3-7.3c.1-4-3.2-7.3-7.3-7.3zm19.4 4.9c1.4-.1 2.6 1 2.7 2.4v3.9c.3-.2.4-.4.6-.5l4.8-4.8c.6-.6 1.4-1 2.2-.9h4.3c1.4.1 2.6-.9 2.7-2.2V7.9c.1-1.4-.9-2.6-2.2-2.8h-.5C40 5 23.9 5 7.8 5c-1.4-.2-2.6.9-2.7 2.2v24.5c-.1 1.4 1 2.5 2.3 2.6h2.4c.4 0 .5-.1.6-.5 1.3-5.5 6.2-9.4 11.9-9.4s10.6 3.8 12 9.3c.1.5.3.6.8.6h3.5c1 .1 2 .1 3 .1zm.2-9.7H32c-1.1 0-2.1-.7-2.4-1.8-.3-1 .1-2.2 1-2.7.5-.3 1.1-.4 1.8-.5h19.1c1.3-.1 2.5.9 2.6 2.3.1 1.3-.8 2.6-2.2 2.7H41.8zm-28.9-9.9c-.4 0-.9 0-1.3-.2-1.2-.4-1.9-1.6-1.6-2.8.2-1.2 1.1-2 2.3-2.1H51.5c1.4-.1 2.6.9 2.7 2.2v.2c.1 1.3-.8 2.4-2.1 2.5-.3 0-.6.1-.9.1H35.4c-7.5.1-15 .1-22.5.1z\" style=\"fill:#fff;enable-background:new\"><\/path><\/svg><\/div><\/span><\/div>\n\n\n\n<div class=\"wp-block-stackable-heading stk-block-heading stk-block-heading--v2 stk-block stk-527691b\" id=\"satis-ve-diger-hizmetlerimiz-konusunda-merak-ettiklerinizi-icin\" data-block-id=\"527691b\"><style>.stk-527691b {margin-bottom:20px !important;}.stk-527691b .stk-block-heading__text{color:var(--theme-palette-color-8, #ffffff) !important;}@media screen and (max-width:999px){.stk-527691b .stk-block-heading__text{font-size:25px !important;}}<\/style><h3 class=\"stk-block-heading__text has-text-color has-text-align-center\">Sat\u0131\u015f ve di\u011fer hizmetlerimiz konusunda merak ettiklerinizi i\u00e7in,<\/h3><\/div>\n\n\n\n<div class=\"wp-block-stackable-text stk-block-text stk-block stk-35c0447\" data-block-id=\"35c0447\"><style>.stk-35c0447 {margin-bottom:60px !important;}.stk-35c0447 .stk-block-text__text{font-size:20px !important;color:var(--theme-palette-color-8, #ffffff) !important;}@media screen and (max-width:999px){.stk-35c0447 {margin-bottom:40px !important;}.stk-35c0447 .stk-block-text__text{font-size:18px !important;}}<\/style><p class=\"stk-block-text__text has-text-color has-text-align-center\">tecr\u00fcbeli ekibimiz sizlere uygun \u00e7\u00f6z\u00fcmleri sunmak i\u00e7in ileti\u015fime ge\u00e7menizi bekliyor.<\/p><\/div>\n\n\n\n<div class=\"wp-block-stackable-button-group stk-block-button-group stk-block stk-9656be2\" data-block-id=\"9656be2\"><div class=\"stk-row stk-inner-blocks has-text-align-center stk-block-content stk-button-group\">\n<div class=\"wp-block-stackable-button stk-block-button stk-block stk-c45fe38\" data-block-id=\"c45fe38\"><style>.stk-c45fe38 .stk-button{padding-top:14px !important;padding-right:25px !important;padding-bottom:14px !important;padding-left:25px !important;background:var(--theme-palette-color-1, #ff6310) !important;}.stk-c45fe38 .stk-button:hover:after{background:var(--theme-palette-color-1, #ff6310) !important;opacity:1 !important;}.stk-c45fe38 .stk-button__inner-text{font-size:13px !important;font-weight:600 !important;text-transform:uppercase !important;}@media screen and (max-width:999px){.stk-c45fe38 .stk-button__inner-text{font-size:13px !important;}}<\/style><a class=\"stk-link stk-button stk--hover-effect-darken\" href=\"https:\/\/modeses.com\/?page_id=646\"><span class=\"stk-button__inner-text\">\u0130LET\u0130\u015e\u0130ME GE\u00c7\u0130N<\/span><\/a><\/div>\n<\/div><\/div>\n<\/div><\/div><\/div>\n<\/div><\/div>\n","protected":false},"excerpt":{"rendered":"<p>Profesyonel Ses Sistemleri Sahne I\u015f\u0131kland\u0131rma Sistemleri Led Ekran ve Video Wall \u00c7\u00f6z\u00fcmleri Bak\u0131m ve Onar\u0131m Hizmetleri Truss, Motor ve Case Montaj ve Sistem Kurulumu Sat\u0131\u015f ve di\u011fer hizmetlerimiz konusunda merak ettiklerinizi i\u00e7in, tecr\u00fcbeli ekibimiz sizlere uygun \u00e7\u00f6z\u00fcmleri sunmak i\u00e7in ileti\u015fime ge\u00e7menizi bekliyor. \u0130LET\u0130\u015e\u0130ME GE\u00c7\u0130N<\/p>\n","protected":false},"author":1,"featured_media":0,"parent":0,"menu_order":0,"comment_status":"closed","ping_status":"closed","template":"","meta":{"footnotes":""},"class_list":["post-643","page","type-page","status-publish","hentry"],"blocksy_meta":{"styles_descriptor":{"styles":{"desktop":"","tablet":"","mobile":""},"google_fonts":[],"version":6},"page_title_panel":"","has_hero_section":"disabled","01b60a76e7635469bb5687010101247b":"","hero_section":"type-1","hero_elements":[{"id":"custom_title","enabled":true,"heading_tag":"h1","title":"Home"},{"id":"custom_description","enabled":true,"description_visibility":{"desktop":true,"tablet":true,"mobile":false}},{"id":"custom_meta","enabled":false,"meta_elements":[{"id":"author","enabled":true,"label":"By","has_author_avatar":"yes","avatar_size":25},{"id":"post_date","enabled":true,"label":"On","date_format_source":"default","date_format":"M j, Y"},{"id":"updated_date","enabled":false,"label":"On","date_format_source":"default","date_format":"M j, Y"},{"id":"categories","enabled":false,"label":"In","style":"simple"},{"id":"comments","enabled":true}],"page_meta_elements":{"joined":true,"articles_count":true,"comments":true}},{"id":"breadcrumbs","enabled":false}],"413d489fe2388654240bfc9954bd77ae":"","hero_alignment1":"CT_CSS_SKIP_RULE","hero_margin":40,"hero_alignment2":"center","hero_vertical_alignment":"center","2ea752f4198854cbe6fd949efede986b":"","hero_structure":"narrow","b5bdcc754f1a674732ab73d23b11c6c6":"","page_title_bg_type":"featured_image","custom_hero_background":{"attachment_id":null},"page_title_image_size":"full","parallax":{"desktop":false,"tablet":false,"mobile":false},"9b6b50c80d721e16a3dd64d52e39134c":"","hero_height":"250px","pageTitleFont":{"family":"Default","variation":"Default","size":"30px","line-height":"CT_CSS_SKIP_RULE","letter-spacing":"CT_CSS_SKIP_RULE","text-transform":"CT_CSS_SKIP_RULE","text-decoration":"CT_CSS_SKIP_RULE"},"pageTitleFontColor":{"default":{"color":"CT_CSS_SKIP_RULEDEFAULT"}},"pageMetaFont":{"family":"Default","variation":"n6","size":"12px","line-height":"1.3","letter-spacing":"CT_CSS_SKIP_RULE","text-transform":"uppercase","text-decoration":"CT_CSS_SKIP_RULE"},"pageMetaFontColor":{"default":{"color":"CT_CSS_SKIP_RULEDEFAULT"},"hover":{"color":"CT_CSS_SKIP_RULEDEFAULT"}},"page_meta_button_type_font_colors":{"default":{"color":"CT_CSS_SKIP_RULEDEFAULT"},"hover":{"color":"CT_CSS_SKIP_RULEDEFAULT"}},"page_meta_button_type_background_colors":{"default":{"color":"CT_CSS_SKIP_RULEDEFAULT"},"hover":{"color":"CT_CSS_SKIP_RULEDEFAULT"}},"pageExcerptFont":{"family":"Default","variation":"Default","size":"CT_CSS_SKIP_RULE","line-height":"CT_CSS_SKIP_RULE","letter-spacing":"CT_CSS_SKIP_RULE","text-transform":"CT_CSS_SKIP_RULE","text-decoration":"CT_CSS_SKIP_RULE"},"pageExcerptColor":{"default":{"color":"CT_CSS_SKIP_RULEDEFAULT"}},"breadcrumbsFont":{"family":"Default","variation":"Default","size":"CT_CSS_SKIP_RULE","line-height":"CT_CSS_SKIP_RULE","letter-spacing":"CT_CSS_SKIP_RULE","text-transform":"CT_CSS_SKIP_RULE","text-decoration":"CT_CSS_SKIP_RULE"},"breadcrumbsFontColor":{"default":{"color":"CT_CSS_SKIP_RULEDEFAULT"},"initial":{"color":"CT_CSS_SKIP_RULEDEFAULT"},"hover":{"color":"CT_CSS_SKIP_RULEDEFAULT"}},"pageTitleOverlay":{"background_type":"color","background_pattern":"type-1","background_image":{"attachment_id":null,"x":0,"y":0},"gradient":"linear-gradient(135deg,rgba(6,147,227,1) 0%,rgb(155,81,224) 100%)","background_repeat":"repeat","background_size":"auto","background_attachment":"scroll","patternColor":{"default":{"color":"#e5e7ea"}},"overlayColor":{"default":{"color":"CT_CSS_SKIP_RULE"}},"backgroundColor":{"default":{"color":"CT_CSS_SKIP_RULE"}}},"pageTitleBackground":{"background_type":"color","background_pattern":"type-1","background_image":{"attachment_id":null,"x":0,"y":0},"gradient":"linear-gradient(135deg,rgba(6,147,227,1) 0%,rgb(155,81,224) 100%)","background_repeat":"repeat","background_size":"auto","background_attachment":"scroll","patternColor":{"default":{"color":"#e5e7ea"}},"overlayColor":{"default":{"color":"CT_CSS_SKIP_RULE"}},"backgroundColor":{"default":{"color":"var(--theme-palette-color-6)"}}},"pageTitlePadding":{"top":"50px","bottom":"50px","left":"auto","right":"auto","linked":true},"00739e20ddb3660ccaead7731bfc083c":"","page_structure_type":"default","8fb7046864b0ad6dee6cb10ee9812e5d":"","content_style_source":"inherit","content_style":"wide","vertical_spacing_source":"custom","content_area_spacing":"none","background":{"background_type":"color","background_pattern":"type-1","background_image":{"attachment_id":null,"x":0,"y":0},"gradient":"linear-gradient(135deg,rgba(6,147,227,1) 0%,rgb(155,81,224) 100%)","background_repeat":"repeat","background_size":"auto","background_attachment":"scroll","patternColor":{"default":{"color":"#e5e7ea"}},"overlayColor":{"default":{"color":"CT_CSS_SKIP_RULE"}},"backgroundColor":{"default":{"color":"CT_CSS_SKIP_RULE"}}},"content_background":{"background_type":"color","background_pattern":"type-1","background_image":{"attachment_id":null,"x":0,"y":0},"gradient":"linear-gradient(135deg,rgba(6,147,227,1) 0%,rgb(155,81,224) 100%)","background_repeat":"repeat","background_size":"auto","background_attachment":"scroll","patternColor":{"default":{"color":"#e5e7ea"}},"overlayColor":{"default":{"color":"CT_CSS_SKIP_RULE"}},"backgroundColor":{"default":{"color":"var(--theme-palette-color-8)"}}},"content_boxed_shadow":{"inherit":false,"blur":18,"spread":-6,"v_offset":12,"h_offset":0,"inset":false,"enable":true,"color":{"color":"rgba(34, 56, 101, 0.04)"}},"content_boxed_border":{"width":1,"style":"none","color":{"color":"rgba(44,62,80,0.2)"}},"content_boxed_radius":{"top":"3px","bottom":"3px","left":"3px","right":"3px","linked":true},"boxed_content_spacing":{"desktop":{"top":"40px","bottom":"40px","left":"40px","right":"40px","linked":true},"tablet":{"top":"35px","bottom":"35px","left":"35px","right":"35px","linked":true},"mobile":{"top":"20px","bottom":"20px","left":"20px","right":"20px","linked":true}},"8249023ba008993193a67a02ec3e2d09":"","disable_featured_image":"no","disable_share_box":"no","disable_header":"no","disable_footer":"no"},"_links":{"self":[{"href":"https:\/\/modeses.com\/index.php?rest_route=\/wp\/v2\/pages\/643","targetHints":{"allow":["GET"]}}],"collection":[{"href":"https:\/\/modeses.com\/index.php?rest_route=\/wp\/v2\/pages"}],"about":[{"href":"https:\/\/modeses.com\/index.php?rest_route=\/wp\/v2\/types\/page"}],"author":[{"embeddable":true,"href":"https:\/\/modeses.com\/index.php?rest_route=\/wp\/v2\/users\/1"}],"replies":[{"embeddable":true,"href":"https:\/\/modeses.com\/index.php?rest_route=%2Fwp%2Fv2%2Fcomments&post=643"}],"version-history":[{"count":5,"href":"https:\/\/modeses.com\/index.php?rest_route=\/wp\/v2\/pages\/643\/revisions"}],"predecessor-version":[{"id":712,"href":"https:\/\/modeses.com\/index.php?rest_route=\/wp\/v2\/pages\/643\/revisions\/712"}],"wp:attachment":[{"href":"https:\/\/modeses.com\/index.php?rest_route=%2Fwp%2Fv2%2Fmedia&parent=643"}],"curies":[{"name":"wp","href":"https:\/\/api.w.org\/{rel}","templated":true}]}}